{"id":6580,"date":"2024-07-18T12:24:05","date_gmt":"2024-07-18T12:24:05","guid":{"rendered":"https:\/\/www.corapartners.com\/?page_id=6580"},"modified":"2024-07-18T12:25:22","modified_gmt":"2024-07-18T12:25:22","slug":"recrutement-residences-privees","status":"publish","type":"page","link":"https:\/\/www.corapartners.com\/fr\/recrutement-residences-privees\/","title":{"rendered":"Recrutement R\u00e9sidences Priv\u00e9es"},"content":{"rendered":"","protected":false},"excerpt":{"rendered":"","protected":false},"author":3,"featured_media":0,"parent":0,"menu_order":0,"comment_status":"closed","ping_status":"closed","template":"","meta":{"_acf_changed":false,"content-type":"","footnotes":""},"class_list":["post-6580","page","type-page","status-publish","hentry"],"acf":[],"yoast_head":"<!-- This site is optimized with the Yoast SEO plugin v26.7 - https:\/\/yoast.com\/wordpress\/plugins\/seo\/ -->\n<title>Recrutement R\u00e9sidences Priv\u00e9es - Cora Partners<\/title>\n<meta name=\"description\" content=\"Travaillant aux c\u00f4t\u00e9s de notre soci\u00e9t\u00e9 s\u0153ur, Eagle Private, nous nous sp\u00e9cialisons dans la fourniture de professionnels hautement qualifi\u00e9s pour les bureaux individuels et multifamiliaux. Travaillant selon un cahier des charges unique, nos recruteurs exp\u00e9riment\u00e9s offrent \u00e0 nos clients un service de recherche de cadres personnalis\u00e9 et discret.\" \/>\n<meta name=\"robots\" content=\"index, follow, max-snippet:-1, max-image-preview:large, max-video-preview:-1\" \/>\n<link rel=\"canonical\" href=\"https:\/\/www.corapartners.com\/fr\/recrutement-residences-privees\/\" \/>\n<meta property=\"og:locale\" content=\"fr_FR\" \/>\n<meta property=\"og:type\" content=\"article\" \/>\n<meta property=\"og:title\" content=\"Recrutement R\u00e9sidences Priv\u00e9es - Cora Partners\" \/>\n<meta property=\"og:description\" content=\"Travaillant aux c\u00f4t\u00e9s de notre soci\u00e9t\u00e9 s\u0153ur, Eagle Private, nous nous sp\u00e9cialisons dans la fourniture de professionnels hautement qualifi\u00e9s pour les bureaux individuels et multifamiliaux. Travaillant selon un cahier des charges unique, nos recruteurs exp\u00e9riment\u00e9s offrent \u00e0 nos clients un service de recherche de cadres personnalis\u00e9 et discret.\" \/>\n<meta property=\"og:url\" content=\"https:\/\/www.corapartners.com\/fr\/recrutement-residences-privees\/\" \/>\n<meta property=\"og:site_name\" content=\"Cora Partners\" \/>\n<meta property=\"article:publisher\" content=\"https:\/\/www.facebook.com\/privatestaffing\" \/>\n<meta property=\"article:modified_time\" content=\"2024-07-18T12:25:22+00:00\" \/>\n<meta property=\"og:image\" content=\"https:\/\/www.corapartners.com\/wp-content\/uploads\/2023\/03\/CORA.png\" \/>\n\t<meta property=\"og:image:width\" content=\"1200\" \/>\n\t<meta property=\"og:image:height\" content=\"675\" \/>\n\t<meta property=\"og:image:type\" content=\"image\/png\" \/>\n<meta name=\"twitter:card\" content=\"summary_large_image\" \/>\n<meta name=\"twitter:label1\" content=\"Dur\u00e9e de lecture estim\u00e9e\" \/>\n\t<meta name=\"twitter:data1\" content=\"3 minutes\" \/>\n<script type=\"application\/ld+json\" class=\"yoast-schema-graph\">{\"@context\":\"https:\/\/schema.org\",\"@graph\":[{\"@type\":\"WebPage\",\"@id\":\"https:\/\/www.corapartners.com\/fr\/recrutement-residences-privees\/\",\"url\":\"https:\/\/www.corapartners.com\/fr\/recrutement-residences-privees\/\",\"name\":\"Recrutement R\u00e9sidences Priv\u00e9es - Cora Partners\",\"isPartOf\":{\"@id\":\"https:\/\/www.corapartners.com\/fr\/#website\"},\"datePublished\":\"2024-07-18T12:24:05+00:00\",\"dateModified\":\"2024-07-18T12:25:22+00:00\",\"description\":\"Travaillant aux c\u00f4t\u00e9s de notre soci\u00e9t\u00e9 s\u0153ur, Eagle Private, nous nous sp\u00e9cialisons dans la fourniture de professionnels hautement qualifi\u00e9s pour les bureaux individuels et multifamiliaux. Travaillant selon un cahier des charges unique, nos recruteurs exp\u00e9riment\u00e9s offrent \u00e0 nos clients un service de recherche de cadres personnalis\u00e9 et discret.\",\"breadcrumb\":{\"@id\":\"https:\/\/www.corapartners.com\/fr\/recrutement-residences-privees\/#breadcrumb\"},\"inLanguage\":\"fr-FR\",\"potentialAction\":[{\"@type\":\"ReadAction\",\"target\":[\"https:\/\/www.corapartners.com\/fr\/recrutement-residences-privees\/\"]}]},{\"@type\":\"BreadcrumbList\",\"@id\":\"https:\/\/www.corapartners.com\/fr\/recrutement-residences-privees\/#breadcrumb\",\"itemListElement\":[{\"@type\":\"ListItem\",\"position\":1,\"name\":\"Home\",\"item\":\"https:\/\/www.corapartners.com\/fr\/\"},{\"@type\":\"ListItem\",\"position\":2,\"name\":\"Recrutement R\u00e9sidences Priv\u00e9es\"}]},{\"@type\":\"WebSite\",\"@id\":\"https:\/\/www.corapartners.com\/fr\/#website\",\"url\":\"https:\/\/www.corapartners.com\/fr\/\",\"name\":\"Cora Partners\",\"description\":\"Outstanding service for the world&#039;s most discerning clients\",\"publisher\":{\"@id\":\"https:\/\/www.corapartners.com\/fr\/#organization\"},\"potentialAction\":[{\"@type\":\"SearchAction\",\"target\":{\"@type\":\"EntryPoint\",\"urlTemplate\":\"https:\/\/www.corapartners.com\/fr\/?s={search_term_string}\"},\"query-input\":{\"@type\":\"PropertyValueSpecification\",\"valueRequired\":true,\"valueName\":\"search_term_string\"}}],\"inLanguage\":\"fr-FR\"},{\"@type\":\"Organization\",\"@id\":\"https:\/\/www.corapartners.com\/fr\/#organization\",\"name\":\"Cora Partners\",\"url\":\"https:\/\/www.corapartners.com\/fr\/\",\"logo\":{\"@type\":\"ImageObject\",\"inLanguage\":\"fr-FR\",\"@id\":\"https:\/\/www.corapartners.com\/fr\/#\/schema\/logo\/image\/\",\"url\":\"https:\/\/www.corapartners.com\/wp-content\/uploads\/2022\/12\/logo-dark.svg\",\"contentUrl\":\"https:\/\/www.corapartners.com\/wp-content\/uploads\/2022\/12\/logo-dark.svg\",\"width\":151,\"height\":33,\"caption\":\"Cora Partners\"},\"image\":{\"@id\":\"https:\/\/www.corapartners.com\/fr\/#\/schema\/logo\/image\/\"},\"sameAs\":[\"https:\/\/www.facebook.com\/privatestaffing\",\"https:\/\/www.instagram.com\/corapartners\/\"]}]}<\/script>\n<!-- \/ Yoast SEO plugin. -->","yoast_head_json":{"title":"Recrutement R\u00e9sidences Priv\u00e9es - Cora Partners","description":"Travaillant aux c\u00f4t\u00e9s de notre soci\u00e9t\u00e9 s\u0153ur, Eagle Private, nous nous sp\u00e9cialisons dans la fourniture de professionnels hautement qualifi\u00e9s pour les bureaux individuels et multifamiliaux. Travaillant selon un cahier des charges unique, nos recruteurs exp\u00e9riment\u00e9s offrent \u00e0 nos clients un service de recherche de cadres personnalis\u00e9 et discret.","robots":{"index":"index","follow":"follow","max-snippet":"max-snippet:-1","max-image-preview":"max-image-preview:large","max-video-preview":"max-video-preview:-1"},"canonical":"https:\/\/www.corapartners.com\/fr\/recrutement-residences-privees\/","og_locale":"fr_FR","og_type":"article","og_title":"Recrutement R\u00e9sidences Priv\u00e9es - Cora Partners","og_description":"Travaillant aux c\u00f4t\u00e9s de notre soci\u00e9t\u00e9 s\u0153ur, Eagle Private, nous nous sp\u00e9cialisons dans la fourniture de professionnels hautement qualifi\u00e9s pour les bureaux individuels et multifamiliaux. Travaillant selon un cahier des charges unique, nos recruteurs exp\u00e9riment\u00e9s offrent \u00e0 nos clients un service de recherche de cadres personnalis\u00e9 et discret.","og_url":"https:\/\/www.corapartners.com\/fr\/recrutement-residences-privees\/","og_site_name":"Cora Partners","article_publisher":"https:\/\/www.facebook.com\/privatestaffing","article_modified_time":"2024-07-18T12:25:22+00:00","og_image":[{"width":1200,"height":675,"url":"https:\/\/www.corapartners.com\/wp-content\/uploads\/2023\/03\/CORA.png","type":"image\/png"}],"twitter_card":"summary_large_image","twitter_misc":{"Dur\u00e9e de lecture estim\u00e9e":"3 minutes"},"schema":{"@context":"https:\/\/schema.org","@graph":[{"@type":"WebPage","@id":"https:\/\/www.corapartners.com\/fr\/recrutement-residences-privees\/","url":"https:\/\/www.corapartners.com\/fr\/recrutement-residences-privees\/","name":"Recrutement R\u00e9sidences Priv\u00e9es - Cora Partners","isPartOf":{"@id":"https:\/\/www.corapartners.com\/fr\/#website"},"datePublished":"2024-07-18T12:24:05+00:00","dateModified":"2024-07-18T12:25:22+00:00","description":"Travaillant aux c\u00f4t\u00e9s de notre soci\u00e9t\u00e9 s\u0153ur, Eagle Private, nous nous sp\u00e9cialisons dans la fourniture de professionnels hautement qualifi\u00e9s pour les bureaux individuels et multifamiliaux. Travaillant selon un cahier des charges unique, nos recruteurs exp\u00e9riment\u00e9s offrent \u00e0 nos clients un service de recherche de cadres personnalis\u00e9 et discret.","breadcrumb":{"@id":"https:\/\/www.corapartners.com\/fr\/recrutement-residences-privees\/#breadcrumb"},"inLanguage":"fr-FR","potentialAction":[{"@type":"ReadAction","target":["https:\/\/www.corapartners.com\/fr\/recrutement-residences-privees\/"]}]},{"@type":"BreadcrumbList","@id":"https:\/\/www.corapartners.com\/fr\/recrutement-residences-privees\/#breadcrumb","itemListElement":[{"@type":"ListItem","position":1,"name":"Home","item":"https:\/\/www.corapartners.com\/fr\/"},{"@type":"ListItem","position":2,"name":"Recrutement R\u00e9sidences Priv\u00e9es"}]},{"@type":"WebSite","@id":"https:\/\/www.corapartners.com\/fr\/#website","url":"https:\/\/www.corapartners.com\/fr\/","name":"Cora Partners","description":"Outstanding service for the world&#039;s most discerning clients","publisher":{"@id":"https:\/\/www.corapartners.com\/fr\/#organization"},"potentialAction":[{"@type":"SearchAction","target":{"@type":"EntryPoint","urlTemplate":"https:\/\/www.corapartners.com\/fr\/?s={search_term_string}"},"query-input":{"@type":"PropertyValueSpecification","valueRequired":true,"valueName":"search_term_string"}}],"inLanguage":"fr-FR"},{"@type":"Organization","@id":"https:\/\/www.corapartners.com\/fr\/#organization","name":"Cora Partners","url":"https:\/\/www.corapartners.com\/fr\/","logo":{"@type":"ImageObject","inLanguage":"fr-FR","@id":"https:\/\/www.corapartners.com\/fr\/#\/schema\/logo\/image\/","url":"https:\/\/www.corapartners.com\/wp-content\/uploads\/2022\/12\/logo-dark.svg","contentUrl":"https:\/\/www.corapartners.com\/wp-content\/uploads\/2022\/12\/logo-dark.svg","width":151,"height":33,"caption":"Cora Partners"},"image":{"@id":"https:\/\/www.corapartners.com\/fr\/#\/schema\/logo\/image\/"},"sameAs":["https:\/\/www.facebook.com\/privatestaffing","https:\/\/www.instagram.com\/corapartners\/"]}]}},"_links":{"self":[{"href":"https:\/\/www.corapartners.com\/fr\/wp-json\/wp\/v2\/pages\/6580","targetHints":{"allow":["GET"]}}],"collection":[{"href":"https:\/\/www.corapartners.com\/fr\/wp-json\/wp\/v2\/pages"}],"about":[{"href":"https:\/\/www.corapartners.com\/fr\/wp-json\/wp\/v2\/types\/page"}],"author":[{"embeddable":true,"href":"https:\/\/www.corapartners.com\/fr\/wp-json\/wp\/v2\/users\/3"}],"replies":[{"embeddable":true,"href":"https:\/\/www.corapartners.com\/fr\/wp-json\/wp\/v2\/comments?post=6580"}],"version-history":[{"count":2,"href":"https:\/\/www.corapartners.com\/fr\/wp-json\/wp\/v2\/pages\/6580\/revisions"}],"predecessor-version":[{"id":6583,"href":"https:\/\/www.corapartners.com\/fr\/wp-json\/wp\/v2\/pages\/6580\/revisions\/6583"}],"wp:attachment":[{"href":"https:\/\/www.corapartners.com\/fr\/wp-json\/wp\/v2\/media?parent=6580"}],"curies":[{"name":"wp","href":"https:\/\/api.w.org\/{rel}","templated":true}]}}